{"id":17,"date":"2024-06-14T21:07:06","date_gmt":"2024-06-14T21:07:06","guid":{"rendered":"https:\/\/loistavatsanat.fi\/?page_id=17"},"modified":"2024-12-12T04:37:43","modified_gmt":"2024-12-12T04:37:43","slug":"loistavat-sanat-taulu","status":"publish","type":"page","link":"https:\/\/loistavatsanat.fi\/","title":{"rendered":"Tervetuloa! Kiva, kun l\u00f6ysit t\u00e4nne!"},"content":{"rendered":"\n<figure class=\"wp-block-image size-large\"><img fetchpriority=\"high\" decoding=\"async\" width=\"1024\" height=\"768\" src=\"https:\/\/loistavatsanat.fi\/wp-content\/uploads\/2024\/12\/A6_taulu-1024x768.jpg\" alt=\"\" class=\"wp-image-73\" srcset=\"https:\/\/loistavatsanat.fi\/wp-content\/uploads\/2024\/12\/A6_taulu-1024x768.jpg 1024w, https:\/\/loistavatsanat.fi\/wp-content\/uploads\/2024\/12\/A6_taulu-300x225.jpg 300w, https:\/\/loistavatsanat.fi\/wp-content\/uploads\/2024\/12\/A6_taulu-768x576.jpg 768w, https:\/\/loistavatsanat.fi\/wp-content\/uploads\/2024\/12\/A6_taulu-1536x1152.jpg 1536w, https:\/\/loistavatsanat.fi\/wp-content\/uploads\/2024\/12\/A6_taulu.jpg 2048w\" sizes=\"(max-width: 1024px) 100vw, 1024px\" \/><\/figure>\n\n\n\n<p><h4>Mik\u00e4 on <strong>Min\u00e4 olen maailman valo &#8211;<\/strong>raamattutaulu?<\/h4>\n<p>Raamatunlausetaulun kehysten sis\u00e4pintaan kiinnitetyt led-valot luovat tasaisen valon, joka saa raamatunlauseen loistamaan kauniisti. Laser- poltettu raamatunlause 2 mm puisessa ohutvanerissa. Kehyksi\u00e4 tarvittaessa syvennetty tukipuilla, jotta patteritoimisille (AA) led-valoille on tilaa.<\/p>\n<h4>Miten ostaa tai tilata raamattutauluja?<\/h4>\n<p>Vieraile Alfakirjan myym\u00e4l\u00e4ss\u00e4 (Kauppakatu 45), Kuopio tai tilaa t\u00e4st\u00e4 linkist\u00e4:<\/p>\n<p>A4 koko 29\u20ac &#8211;&nbsp;<a href=\"https:\/\/www.antikvariaatti.net\/tuotteet\/2125342\">www.antikvariaatti.net\/tuotteet\/2125342<\/a><\/p>\n<p>A6 koko 19 \u20ac &#8211; Kysy lis\u00e4\u00e4&nbsp; alfakirja (at) alfakirja.com<\/p>\n<p>A3 -koko 49 \u20ac &#8211; Kysy lis\u00e4\u00e4&nbsp; alfakirja (at) alfakirja.com<\/p>\n<h4>Miss\u00e4 raamattutaulut on tehty?<\/h4>\n<p>Taulut kootaan k\u00e4sity\u00f6n\u00e4 Peshteran seurakunnassa Bulgariassa. Taulujen myynnill\u00e4 tuetaan Bulgarian seurakuntien diakoniaty\u00f6t\u00e4 Kansanl\u00e4hetyksen kautta.<\/p>\n<p>Sivustoa ja myyntikanavia kehitett\u00e4\u00e4n kysynn\u00e4n mukaan. Voit antaa palautetta tai ehdottaa raamatunjaetta seuraaviin tauluihin l\u00e4hett\u00e4m\u00e4ll\u00e4 viesti\u00e4: <strong>loistavatsanat (at) gmail.com<\/strong><\/p><\/p>\n\n\n\n<p>&nbsp;<\/p>\n\n\n\n<figure><img decoding=\"async\" src=\"https:\/\/loistavatsanat.fi\/wp-content\/uploads\/2024\/06\/IMG_2058-1-1024x780.jpg\" alt=\"\" \/><\/figure>\n\n\n\n\n","protected":false},"excerpt":{"rendered":"<p>Mik\u00e4 on Min\u00e4 olen maailman valo &#8211;raamattutaulu? Raamatunlausetaulun kehysten sis\u00e4pintaan kiinnitetyt led-valot luovat tasaisen valon, joka saa raamatunlauseen loistamaan kauniisti. Laser- poltettu raamatunlause 2 mm puisessa ohutvanerissa. Kehyksi\u00e4 tarvittaessa syvennetty tukipuilla, jotta patteritoimisille (AA) led-valoille on tilaa. Miten ostaa tai tilata raamattutauluja? Vieraile Alfakirjan myym\u00e4l\u00e4ss\u00e4 (Kauppakatu 45), Kuopio tai tilaa t\u00e4st\u00e4 linkist\u00e4: A4 koko 29\u20ac [&hellip;]<\/p>\n","protected":false},"author":1,"featured_media":0,"parent":0,"menu_order":0,"comment_status":"closed","ping_status":"closed","template":"","meta":{"hide_page_title":"","footnotes":""},"yoast_head":"<!-- This site is optimized with the Yoast SEO plugin v22.8 - https:\/\/yoast.com\/wordpress\/plugins\/seo\/ -->\n<title>Tervetuloa! Kiva, kun l\u00f6ysit t\u00e4nne! - Loistavat sanat<\/title>\n<meta name=\"robots\" content=\"index, follow, max-snippet:-1, max-image-preview:large, max-video-preview:-1\" \/>\n<link rel=\"canonical\" href=\"https:\/\/loistavatsanat.fi\/\" \/>\n<meta property=\"og:locale\" content=\"fi_FI\" \/>\n<meta property=\"og:type\" content=\"article\" \/>\n<meta property=\"og:title\" content=\"Tervetuloa! Kiva, kun l\u00f6ysit t\u00e4nne! - Loistavat sanat\" \/>\n<meta property=\"og:description\" content=\"Mik\u00e4 on Min\u00e4 olen maailman valo &#8211;raamattutaulu? Raamatunlausetaulun kehysten sis\u00e4pintaan kiinnitetyt led-valot luovat tasaisen valon, joka saa raamatunlauseen loistamaan kauniisti. Laser- poltettu raamatunlause 2 mm puisessa ohutvanerissa. Kehyksi\u00e4 tarvittaessa syvennetty tukipuilla, jotta patteritoimisille (AA) led-valoille on tilaa. Miten ostaa tai tilata raamattutauluja? Vieraile Alfakirjan myym\u00e4l\u00e4ss\u00e4 (Kauppakatu 45), Kuopio tai tilaa t\u00e4st\u00e4 linkist\u00e4: A4 koko 29\u20ac [&hellip;]\" \/>\n<meta property=\"og:url\" content=\"https:\/\/loistavatsanat.fi\/\" \/>\n<meta property=\"og:site_name\" content=\"Loistavat sanat\" \/>\n<meta property=\"article:modified_time\" content=\"2024-12-12T04:37:43+00:00\" \/>\n<meta property=\"og:image\" content=\"https:\/\/loistavatsanat.fi\/wp-content\/uploads\/2024\/12\/A6_taulu-1024x768.jpg\" \/>\n<meta name=\"twitter:card\" content=\"summary_large_image\" \/>\n<meta name=\"twitter:label1\" content=\"Arvioitu lukuaika\" \/>\n\t<meta name=\"twitter:data1\" content=\"2 minuuttia\" \/>\n<script type=\"application\/ld+json\" class=\"yoast-schema-graph\">{\"@context\":\"https:\/\/schema.org\",\"@graph\":[{\"@type\":\"WebPage\",\"@id\":\"https:\/\/loistavatsanat.fi\/\",\"url\":\"https:\/\/loistavatsanat.fi\/\",\"name\":\"Tervetuloa! Kiva, kun l\u00f6ysit t\u00e4nne! - Loistavat sanat\",\"isPartOf\":{\"@id\":\"https:\/\/loistavatsanat.fi\/#website\"},\"primaryImageOfPage\":{\"@id\":\"https:\/\/loistavatsanat.fi\/#primaryimage\"},\"image\":{\"@id\":\"https:\/\/loistavatsanat.fi\/#primaryimage\"},\"thumbnailUrl\":\"https:\/\/loistavatsanat.fi\/wp-content\/uploads\/2024\/12\/A6_taulu-1024x768.jpg\",\"datePublished\":\"2024-06-14T21:07:06+00:00\",\"dateModified\":\"2024-12-12T04:37:43+00:00\",\"breadcrumb\":{\"@id\":\"https:\/\/loistavatsanat.fi\/#breadcrumb\"},\"inLanguage\":\"fi\",\"potentialAction\":[{\"@type\":\"ReadAction\",\"target\":[\"https:\/\/loistavatsanat.fi\/\"]}]},{\"@type\":\"ImageObject\",\"inLanguage\":\"fi\",\"@id\":\"https:\/\/loistavatsanat.fi\/#primaryimage\",\"url\":\"https:\/\/loistavatsanat.fi\/wp-content\/uploads\/2024\/12\/A6_taulu.jpg\",\"contentUrl\":\"https:\/\/loistavatsanat.fi\/wp-content\/uploads\/2024\/12\/A6_taulu.jpg\",\"width\":2048,\"height\":1536},{\"@type\":\"BreadcrumbList\",\"@id\":\"https:\/\/loistavatsanat.fi\/#breadcrumb\",\"itemListElement\":[{\"@type\":\"ListItem\",\"position\":1,\"name\":\"Etusivu\",\"item\":\"https:\/\/loistavatsanat.fi\/\"},{\"@type\":\"ListItem\",\"position\":2,\"name\":\"Tervetuloa! Kiva, kun l\u00f6ysit t\u00e4nne!\"}]},{\"@type\":\"WebSite\",\"@id\":\"https:\/\/loistavatsanat.fi\/#website\",\"url\":\"https:\/\/loistavatsanat.fi\/\",\"name\":\"Loistavat sanat\",\"description\":\"\",\"potentialAction\":[{\"@type\":\"SearchAction\",\"target\":{\"@type\":\"EntryPoint\",\"urlTemplate\":\"https:\/\/loistavatsanat.fi\/?s={search_term_string}\"},\"query-input\":\"required name=search_term_string\"}],\"inLanguage\":\"fi\"}]}<\/script>\n<!-- \/ Yoast SEO plugin. -->","yoast_head_json":{"title":"Tervetuloa! Kiva, kun l\u00f6ysit t\u00e4nne! - Loistavat sanat","robots":{"index":"index","follow":"follow","max-snippet":"max-snippet:-1","max-image-preview":"max-image-preview:large","max-video-preview":"max-video-preview:-1"},"canonical":"https:\/\/loistavatsanat.fi\/","og_locale":"fi_FI","og_type":"article","og_title":"Tervetuloa! Kiva, kun l\u00f6ysit t\u00e4nne! - Loistavat sanat","og_description":"Mik\u00e4 on Min\u00e4 olen maailman valo &#8211;raamattutaulu? Raamatunlausetaulun kehysten sis\u00e4pintaan kiinnitetyt led-valot luovat tasaisen valon, joka saa raamatunlauseen loistamaan kauniisti. Laser- poltettu raamatunlause 2 mm puisessa ohutvanerissa. Kehyksi\u00e4 tarvittaessa syvennetty tukipuilla, jotta patteritoimisille (AA) led-valoille on tilaa. Miten ostaa tai tilata raamattutauluja? Vieraile Alfakirjan myym\u00e4l\u00e4ss\u00e4 (Kauppakatu 45), Kuopio tai tilaa t\u00e4st\u00e4 linkist\u00e4: A4 koko 29\u20ac [&hellip;]","og_url":"https:\/\/loistavatsanat.fi\/","og_site_name":"Loistavat sanat","article_modified_time":"2024-12-12T04:37:43+00:00","og_image":[{"url":"https:\/\/loistavatsanat.fi\/wp-content\/uploads\/2024\/12\/A6_taulu-1024x768.jpg"}],"twitter_card":"summary_large_image","twitter_misc":{"Arvioitu lukuaika":"2 minuuttia"},"schema":{"@context":"https:\/\/schema.org","@graph":[{"@type":"WebPage","@id":"https:\/\/loistavatsanat.fi\/","url":"https:\/\/loistavatsanat.fi\/","name":"Tervetuloa! Kiva, kun l\u00f6ysit t\u00e4nne! - Loistavat sanat","isPartOf":{"@id":"https:\/\/loistavatsanat.fi\/#website"},"primaryImageOfPage":{"@id":"https:\/\/loistavatsanat.fi\/#primaryimage"},"image":{"@id":"https:\/\/loistavatsanat.fi\/#primaryimage"},"thumbnailUrl":"https:\/\/loistavatsanat.fi\/wp-content\/uploads\/2024\/12\/A6_taulu-1024x768.jpg","datePublished":"2024-06-14T21:07:06+00:00","dateModified":"2024-12-12T04:37:43+00:00","breadcrumb":{"@id":"https:\/\/loistavatsanat.fi\/#breadcrumb"},"inLanguage":"fi","potentialAction":[{"@type":"ReadAction","target":["https:\/\/loistavatsanat.fi\/"]}]},{"@type":"ImageObject","inLanguage":"fi","@id":"https:\/\/loistavatsanat.fi\/#primaryimage","url":"https:\/\/loistavatsanat.fi\/wp-content\/uploads\/2024\/12\/A6_taulu.jpg","contentUrl":"https:\/\/loistavatsanat.fi\/wp-content\/uploads\/2024\/12\/A6_taulu.jpg","width":2048,"height":1536},{"@type":"BreadcrumbList","@id":"https:\/\/loistavatsanat.fi\/#breadcrumb","itemListElement":[{"@type":"ListItem","position":1,"name":"Etusivu","item":"https:\/\/loistavatsanat.fi\/"},{"@type":"ListItem","position":2,"name":"Tervetuloa! Kiva, kun l\u00f6ysit t\u00e4nne!"}]},{"@type":"WebSite","@id":"https:\/\/loistavatsanat.fi\/#website","url":"https:\/\/loistavatsanat.fi\/","name":"Loistavat sanat","description":"","potentialAction":[{"@type":"SearchAction","target":{"@type":"EntryPoint","urlTemplate":"https:\/\/loistavatsanat.fi\/?s={search_term_string}"},"query-input":"required name=search_term_string"}],"inLanguage":"fi"}]}},"_links":{"self":[{"href":"https:\/\/loistavatsanat.fi\/index.php?rest_route=\/wp\/v2\/pages\/17"}],"collection":[{"href":"https:\/\/loistavatsanat.fi\/index.php?rest_route=\/wp\/v2\/pages"}],"about":[{"href":"https:\/\/loistavatsanat.fi\/index.php?rest_route=\/wp\/v2\/types\/page"}],"author":[{"embeddable":true,"href":"https:\/\/loistavatsanat.fi\/index.php?rest_route=\/wp\/v2\/users\/1"}],"replies":[{"embeddable":true,"href":"https:\/\/loistavatsanat.fi\/index.php?rest_route=%2Fwp%2Fv2%2Fcomments&post=17"}],"version-history":[{"count":25,"href":"https:\/\/loistavatsanat.fi\/index.php?rest_route=\/wp\/v2\/pages\/17\/revisions"}],"predecessor-version":[{"id":75,"href":"https:\/\/loistavatsanat.fi\/index.php?rest_route=\/wp\/v2\/pages\/17\/revisions\/75"}],"wp:attachment":[{"href":"https:\/\/loistavatsanat.fi\/index.php?rest_route=%2Fwp%2Fv2%2Fmedia&parent=17"}],"curies":[{"name":"wp","href":"https:\/\/api.w.org\/{rel}","templated":true}]}}